{"id":1090,"date":"2019-05-14T11:43:30","date_gmt":"2019-05-14T09:43:30","guid":{"rendered":"https:\/\/provins-medieval.com\/?page_id=1090"},"modified":"2026-02-20T16:01:03","modified_gmt":"2026-02-20T15:01:03","slug":"36th-medieval-festival-of-provins","status":"publish","type":"page","link":"https:\/\/provins-medievales.com\/en\/","title":{"rendered":"Medieval Festival of Provins &#8211; Official website"},"content":{"rendered":"","protected":false},"excerpt":{"rendered":"","protected":false},"author":2,"featured_media":6197,"parent":0,"menu_order":0,"comment_status":"closed","ping_status":"closed","template":"index.php","meta":{"_acf_changed":false,"footnotes":""},"class_list":["post-1090","page","type-page","status-publish","has-post-thumbnail","hentry"],"acf":[],"yoast_head":"<!-- This site is optimized with the Yoast SEO plugin v26.3 - https:\/\/yoast.com\/wordpress\/plugins\/seo\/ -->\n<title>Medieval Festival of Provins - Official website<\/title>\n<meta name=\"robots\" content=\"index, follow, max-snippet:-1, max-image-preview:large, max-video-preview:-1\" \/>\n<link rel=\"canonical\" href=\"https:\/\/provins-medievales.com\/en\/\" \/>\n<meta property=\"og:locale\" content=\"en_US\" \/>\n<meta property=\"og:type\" content=\"article\" \/>\n<meta property=\"og:title\" content=\"Medieval Festival of Provins - Official website\" \/>\n<meta property=\"og:url\" content=\"https:\/\/provins-medievales.com\/en\/\" \/>\n<meta property=\"og:site_name\" content=\"Les M\u00e9di\u00e9vales de Provins - Site officiel\" \/>\n<meta property=\"article:modified_time\" content=\"2026-02-20T15:01:03+00:00\" \/>\n<meta property=\"og:image\" content=\"https:\/\/provins-medievales.com\/wp-content\/uploads\/2023\/06\/mdp2023-bal-medieval-cc-remy-lardet.jpg\" \/>\n\t<meta property=\"og:image:width\" content=\"1600\" \/>\n\t<meta property=\"og:image:height\" content=\"1093\" \/>\n\t<meta property=\"og:image:type\" content=\"image\/jpeg\" \/>\n<meta name=\"twitter:card\" content=\"summary_large_image\" \/>\n<meta name=\"twitter:label1\" content=\"Est. reading time\" \/>\n\t<meta name=\"twitter:data1\" content=\"3 minutes\" \/>\n<script type=\"application\/ld+json\" class=\"yoast-schema-graph\">{\"@context\":\"https:\/\/schema.org\",\"@graph\":[{\"@type\":\"WebPage\",\"@id\":\"https:\/\/provins-medievales.com\/en\/\",\"url\":\"https:\/\/provins-medievales.com\/en\/\",\"name\":\"Medieval Festival of Provins - Official website\",\"isPartOf\":{\"@id\":\"https:\/\/provins-medievales.com\/en\/#website\"},\"primaryImageOfPage\":{\"@id\":\"https:\/\/provins-medievales.com\/en\/#primaryimage\"},\"image\":{\"@id\":\"https:\/\/provins-medievales.com\/en\/#primaryimage\"},\"thumbnailUrl\":\"https:\/\/provins-medievales.com\/wp-content\/uploads\/2023\/06\/mdp2023-bal-medieval-cc-remy-lardet.jpg\",\"datePublished\":\"2019-05-14T09:43:30+00:00\",\"dateModified\":\"2026-02-20T15:01:03+00:00\",\"breadcrumb\":{\"@id\":\"https:\/\/provins-medievales.com\/en\/#breadcrumb\"},\"inLanguage\":\"en-US\",\"potentialAction\":[{\"@type\":\"ReadAction\",\"target\":[\"https:\/\/provins-medievales.com\/en\/\"]}]},{\"@type\":\"ImageObject\",\"inLanguage\":\"en-US\",\"@id\":\"https:\/\/provins-medievales.com\/en\/#primaryimage\",\"url\":\"https:\/\/provins-medievales.com\/wp-content\/uploads\/2023\/06\/mdp2023-bal-medieval-cc-remy-lardet.jpg\",\"contentUrl\":\"https:\/\/provins-medievales.com\/wp-content\/uploads\/2023\/06\/mdp2023-bal-medieval-cc-remy-lardet.jpg\",\"width\":1600,\"height\":1093},{\"@type\":\"BreadcrumbList\",\"@id\":\"https:\/\/provins-medievales.com\/en\/#breadcrumb\",\"itemListElement\":[{\"@type\":\"ListItem\",\"position\":1,\"name\":\"Accueil\",\"item\":\"https:\/\/provins-medievales.com\/en\/\"},{\"@type\":\"ListItem\",\"position\":2,\"name\":\"Medieval Festival of Provins &#8211; Official website\"}]},{\"@type\":\"WebSite\",\"@id\":\"https:\/\/provins-medievales.com\/en\/#website\",\"url\":\"https:\/\/provins-medievales.com\/en\/\",\"name\":\"Les M\u00e9di\u00e9vales de Provins - Site officiel\",\"description\":\"Merci \u00e0 toutes et \u00e0 tous pour cette fantastique 36e \u00e9dition ! Sur le th\u00e8me des F\u00eates et R\u00e9jouissances, les festivit\u00e9s ont r\u00e9uni pr\u00e8s de 110 000 visiteurs !\",\"potentialAction\":[{\"@type\":\"SearchAction\",\"target\":{\"@type\":\"EntryPoint\",\"urlTemplate\":\"https:\/\/provins-medievales.com\/en\/?s={search_term_string}\"},\"query-input\":{\"@type\":\"PropertyValueSpecification\",\"valueRequired\":true,\"valueName\":\"search_term_string\"}}],\"inLanguage\":\"en-US\"}]}<\/script>\n<!-- \/ Yoast SEO plugin. -->","yoast_head_json":{"title":"Medieval Festival of Provins - Official website","robots":{"index":"index","follow":"follow","max-snippet":"max-snippet:-1","max-image-preview":"max-image-preview:large","max-video-preview":"max-video-preview:-1"},"canonical":"https:\/\/provins-medievales.com\/en\/","og_locale":"en_US","og_type":"article","og_title":"Medieval Festival of Provins - Official website","og_url":"https:\/\/provins-medievales.com\/en\/","og_site_name":"Les M\u00e9di\u00e9vales de Provins - Site officiel","article_modified_time":"2026-02-20T15:01:03+00:00","og_image":[{"width":1600,"height":1093,"url":"https:\/\/provins-medievales.com\/wp-content\/uploads\/2023\/06\/mdp2023-bal-medieval-cc-remy-lardet.jpg","type":"image\/jpeg"}],"twitter_card":"summary_large_image","twitter_misc":{"Est. reading time":"3 minutes"},"schema":{"@context":"https:\/\/schema.org","@graph":[{"@type":"WebPage","@id":"https:\/\/provins-medievales.com\/en\/","url":"https:\/\/provins-medievales.com\/en\/","name":"Medieval Festival of Provins - Official website","isPartOf":{"@id":"https:\/\/provins-medievales.com\/en\/#website"},"primaryImageOfPage":{"@id":"https:\/\/provins-medievales.com\/en\/#primaryimage"},"image":{"@id":"https:\/\/provins-medievales.com\/en\/#primaryimage"},"thumbnailUrl":"https:\/\/provins-medievales.com\/wp-content\/uploads\/2023\/06\/mdp2023-bal-medieval-cc-remy-lardet.jpg","datePublished":"2019-05-14T09:43:30+00:00","dateModified":"2026-02-20T15:01:03+00:00","breadcrumb":{"@id":"https:\/\/provins-medievales.com\/en\/#breadcrumb"},"inLanguage":"en-US","potentialAction":[{"@type":"ReadAction","target":["https:\/\/provins-medievales.com\/en\/"]}]},{"@type":"ImageObject","inLanguage":"en-US","@id":"https:\/\/provins-medievales.com\/en\/#primaryimage","url":"https:\/\/provins-medievales.com\/wp-content\/uploads\/2023\/06\/mdp2023-bal-medieval-cc-remy-lardet.jpg","contentUrl":"https:\/\/provins-medievales.com\/wp-content\/uploads\/2023\/06\/mdp2023-bal-medieval-cc-remy-lardet.jpg","width":1600,"height":1093},{"@type":"BreadcrumbList","@id":"https:\/\/provins-medievales.com\/en\/#breadcrumb","itemListElement":[{"@type":"ListItem","position":1,"name":"Accueil","item":"https:\/\/provins-medievales.com\/en\/"},{"@type":"ListItem","position":2,"name":"Medieval Festival of Provins &#8211; Official website"}]},{"@type":"WebSite","@id":"https:\/\/provins-medievales.com\/en\/#website","url":"https:\/\/provins-medievales.com\/en\/","name":"Les M\u00e9di\u00e9vales de Provins - Site officiel","description":"Merci \u00e0 toutes et \u00e0 tous pour cette fantastique 36e \u00e9dition ! Sur le th\u00e8me des F\u00eates et R\u00e9jouissances, les festivit\u00e9s ont r\u00e9uni pr\u00e8s de 110 000 visiteurs !","potentialAction":[{"@type":"SearchAction","target":{"@type":"EntryPoint","urlTemplate":"https:\/\/provins-medievales.com\/en\/?s={search_term_string}"},"query-input":{"@type":"PropertyValueSpecification","valueRequired":true,"valueName":"search_term_string"}}],"inLanguage":"en-US"}]}},"_links":{"self":[{"href":"https:\/\/provins-medievales.com\/en\/wp-json\/wp\/v2\/pages\/1090","targetHints":{"allow":["GET"]}}],"collection":[{"href":"https:\/\/provins-medievales.com\/en\/wp-json\/wp\/v2\/pages"}],"about":[{"href":"https:\/\/provins-medievales.com\/en\/wp-json\/wp\/v2\/types\/page"}],"author":[{"embeddable":true,"href":"https:\/\/provins-medievales.com\/en\/wp-json\/wp\/v2\/users\/2"}],"replies":[{"embeddable":true,"href":"https:\/\/provins-medievales.com\/en\/wp-json\/wp\/v2\/comments?post=1090"}],"version-history":[{"count":53,"href":"https:\/\/provins-medievales.com\/en\/wp-json\/wp\/v2\/pages\/1090\/revisions"}],"predecessor-version":[{"id":27158,"href":"https:\/\/provins-medievales.com\/en\/wp-json\/wp\/v2\/pages\/1090\/revisions\/27158"}],"wp:featuredmedia":[{"embeddable":true,"href":"https:\/\/provins-medievales.com\/en\/wp-json\/wp\/v2\/media\/6197"}],"wp:attachment":[{"href":"https:\/\/provins-medievales.com\/en\/wp-json\/wp\/v2\/media?parent=1090"}],"curies":[{"name":"wp","href":"https:\/\/api.w.org\/{rel}","templated":true}]}}