{"id":1254,"date":"2019-04-02T16:25:23","date_gmt":"2019-04-02T14:25:23","guid":{"rendered":"https:\/\/provins-medieval.com\/images\/"},"modified":"2025-09-01T16:36:30","modified_gmt":"2025-09-01T14:36:30","slug":"festival-pictures","status":"publish","type":"page","link":"https:\/\/provins-medievales.com\/en\/festival-pictures\/","title":{"rendered":"Medieval Festival of Provins &#8211; Festival Pictures"},"content":{"rendered":"","protected":false},"excerpt":{"rendered":"","protected":false},"author":1,"featured_media":0,"parent":0,"menu_order":0,"comment_status":"closed","ping_status":"closed","template":"images.php","meta":{"_acf_changed":false,"footnotes":""},"class_list":["post-1254","page","type-page","status-publish","hentry"],"acf":[],"yoast_head":"<!-- This site is optimized with the Yoast SEO plugin v26.3 - https:\/\/yoast.com\/wordpress\/plugins\/seo\/ -->\n<title>Medieval Festival of Provins - Festival Pictures - Les M\u00e9di\u00e9vales de Provins - Site officiel<\/title>\n<meta name=\"robots\" content=\"index, follow, max-snippet:-1, max-image-preview:large, max-video-preview:-1\" \/>\n<link rel=\"canonical\" href=\"https:\/\/provins-medievales.com\/en\/festival-pictures\/\" \/>\n<meta property=\"og:locale\" content=\"en_US\" \/>\n<meta property=\"og:type\" content=\"article\" \/>\n<meta property=\"og:title\" content=\"Medieval Festival of Provins - Festival Pictures - Les M\u00e9di\u00e9vales de Provins - Site officiel\" \/>\n<meta property=\"og:url\" content=\"https:\/\/provins-medievales.com\/en\/festival-pictures\/\" \/>\n<meta property=\"og:site_name\" content=\"Les M\u00e9di\u00e9vales de Provins - Site officiel\" \/>\n<meta property=\"article:modified_time\" content=\"2025-09-01T14:36:30+00:00\" \/>\n<meta name=\"twitter:card\" content=\"summary_large_image\" \/>\n<meta name=\"twitter:label1\" content=\"Est. reading time\" \/>\n\t<meta name=\"twitter:data1\" content=\"31 minutes\" \/>\n<script type=\"application\/ld+json\" class=\"yoast-schema-graph\">{\"@context\":\"https:\/\/schema.org\",\"@graph\":[{\"@type\":\"WebPage\",\"@id\":\"https:\/\/provins-medievales.com\/en\/festival-pictures\/\",\"url\":\"https:\/\/provins-medievales.com\/en\/festival-pictures\/\",\"name\":\"Medieval Festival of Provins - Festival Pictures - Les M\u00e9di\u00e9vales de Provins - Site officiel\",\"isPartOf\":{\"@id\":\"https:\/\/provins-medievales.com\/en\/#website\"},\"datePublished\":\"2019-04-02T14:25:23+00:00\",\"dateModified\":\"2025-09-01T14:36:30+00:00\",\"breadcrumb\":{\"@id\":\"https:\/\/provins-medievales.com\/en\/festival-pictures\/#breadcrumb\"},\"inLanguage\":\"en-US\",\"potentialAction\":[{\"@type\":\"ReadAction\",\"target\":[\"https:\/\/provins-medievales.com\/en\/festival-pictures\/\"]}]},{\"@type\":\"BreadcrumbList\",\"@id\":\"https:\/\/provins-medievales.com\/en\/festival-pictures\/#breadcrumb\",\"itemListElement\":[{\"@type\":\"ListItem\",\"position\":1,\"name\":\"Accueil\",\"item\":\"https:\/\/provins-medievales.com\/en\/\"},{\"@type\":\"ListItem\",\"position\":2,\"name\":\"Medieval Festival of Provins &#8211; Festival Pictures\"}]},{\"@type\":\"WebSite\",\"@id\":\"https:\/\/provins-medievales.com\/en\/#website\",\"url\":\"https:\/\/provins-medievales.com\/en\/\",\"name\":\"Les M\u00e9di\u00e9vales de Provins - Site officiel\",\"description\":\"Merci \u00e0 toutes et \u00e0 tous pour cette fantastique 36e \u00e9dition ! Sur le th\u00e8me des F\u00eates et R\u00e9jouissances, les festivit\u00e9s ont r\u00e9uni pr\u00e8s de 110 000 visiteurs !\",\"potentialAction\":[{\"@type\":\"SearchAction\",\"target\":{\"@type\":\"EntryPoint\",\"urlTemplate\":\"https:\/\/provins-medievales.com\/en\/?s={search_term_string}\"},\"query-input\":{\"@type\":\"PropertyValueSpecification\",\"valueRequired\":true,\"valueName\":\"search_term_string\"}}],\"inLanguage\":\"en-US\"}]}<\/script>\n<!-- \/ Yoast SEO plugin. -->","yoast_head_json":{"title":"Medieval Festival of Provins - Festival Pictures - Les M\u00e9di\u00e9vales de Provins - Site officiel","robots":{"index":"index","follow":"follow","max-snippet":"max-snippet:-1","max-image-preview":"max-image-preview:large","max-video-preview":"max-video-preview:-1"},"canonical":"https:\/\/provins-medievales.com\/en\/festival-pictures\/","og_locale":"en_US","og_type":"article","og_title":"Medieval Festival of Provins - Festival Pictures - Les M\u00e9di\u00e9vales de Provins - Site officiel","og_url":"https:\/\/provins-medievales.com\/en\/festival-pictures\/","og_site_name":"Les M\u00e9di\u00e9vales de Provins - Site officiel","article_modified_time":"2025-09-01T14:36:30+00:00","twitter_card":"summary_large_image","twitter_misc":{"Est. reading time":"31 minutes"},"schema":{"@context":"https:\/\/schema.org","@graph":[{"@type":"WebPage","@id":"https:\/\/provins-medievales.com\/en\/festival-pictures\/","url":"https:\/\/provins-medievales.com\/en\/festival-pictures\/","name":"Medieval Festival of Provins - Festival Pictures - Les M\u00e9di\u00e9vales de Provins - Site officiel","isPartOf":{"@id":"https:\/\/provins-medievales.com\/en\/#website"},"datePublished":"2019-04-02T14:25:23+00:00","dateModified":"2025-09-01T14:36:30+00:00","breadcrumb":{"@id":"https:\/\/provins-medievales.com\/en\/festival-pictures\/#breadcrumb"},"inLanguage":"en-US","potentialAction":[{"@type":"ReadAction","target":["https:\/\/provins-medievales.com\/en\/festival-pictures\/"]}]},{"@type":"BreadcrumbList","@id":"https:\/\/provins-medievales.com\/en\/festival-pictures\/#breadcrumb","itemListElement":[{"@type":"ListItem","position":1,"name":"Accueil","item":"https:\/\/provins-medievales.com\/en\/"},{"@type":"ListItem","position":2,"name":"Medieval Festival of Provins &#8211; Festival Pictures"}]},{"@type":"WebSite","@id":"https:\/\/provins-medievales.com\/en\/#website","url":"https:\/\/provins-medievales.com\/en\/","name":"Les M\u00e9di\u00e9vales de Provins - Site officiel","description":"Merci \u00e0 toutes et \u00e0 tous pour cette fantastique 36e \u00e9dition ! Sur le th\u00e8me des F\u00eates et R\u00e9jouissances, les festivit\u00e9s ont r\u00e9uni pr\u00e8s de 110 000 visiteurs !","potentialAction":[{"@type":"SearchAction","target":{"@type":"EntryPoint","urlTemplate":"https:\/\/provins-medievales.com\/en\/?s={search_term_string}"},"query-input":{"@type":"PropertyValueSpecification","valueRequired":true,"valueName":"search_term_string"}}],"inLanguage":"en-US"}]}},"_links":{"self":[{"href":"https:\/\/provins-medievales.com\/en\/wp-json\/wp\/v2\/pages\/1254","targetHints":{"allow":["GET"]}}],"collection":[{"href":"https:\/\/provins-medievales.com\/en\/wp-json\/wp\/v2\/pages"}],"about":[{"href":"https:\/\/provins-medievales.com\/en\/wp-json\/wp\/v2\/types\/page"}],"author":[{"embeddable":true,"href":"https:\/\/provins-medievales.com\/en\/wp-json\/wp\/v2\/users\/1"}],"replies":[{"embeddable":true,"href":"https:\/\/provins-medievales.com\/en\/wp-json\/wp\/v2\/comments?post=1254"}],"version-history":[{"count":16,"href":"https:\/\/provins-medievales.com\/en\/wp-json\/wp\/v2\/pages\/1254\/revisions"}],"predecessor-version":[{"id":21415,"href":"https:\/\/provins-medievales.com\/en\/wp-json\/wp\/v2\/pages\/1254\/revisions\/21415"}],"wp:attachment":[{"href":"https:\/\/provins-medievales.com\/en\/wp-json\/wp\/v2\/media?parent=1254"}],"curies":[{"name":"wp","href":"https:\/\/api.w.org\/{rel}","templated":true}]}}