{"id":3866,"date":"2022-05-18T09:42:38","date_gmt":"2022-05-18T07:42:38","guid":{"rendered":"https:\/\/provins-medieval.com\/?page_id=3866"},"modified":"2022-05-25T14:59:15","modified_gmt":"2022-05-25T12:59:15","slug":"accreditation","status":"publish","type":"page","link":"https:\/\/provins-medievales.com\/en\/accreditation\/","title":{"rendered":"M\u00e9di\u00e9vales de Provins &#8211; Accr\u00e9ditation"},"content":{"rendered":"","protected":false},"excerpt":{"rendered":"","protected":false},"author":1,"featured_media":3792,"parent":0,"menu_order":0,"comment_status":"closed","ping_status":"closed","template":"accreditation.php","meta":{"_acf_changed":false,"footnotes":""},"class_list":["post-3866","page","type-page","status-publish","has-post-thumbnail","hentry"],"acf":[],"yoast_head":"<!-- This site is optimized with the Yoast SEO plugin v26.3 - https:\/\/yoast.com\/wordpress\/plugins\/seo\/ -->\n<title>M\u00e9di\u00e9vales de Provins - Accr\u00e9ditation - Les M\u00e9di\u00e9vales de Provins - Site officiel<\/title>\n<meta name=\"robots\" content=\"index, follow, max-snippet:-1, max-image-preview:large, max-video-preview:-1\" \/>\n<link rel=\"canonical\" href=\"https:\/\/provins-medievales.com\/en\/accreditation\/\" \/>\n<meta property=\"og:locale\" content=\"en_US\" \/>\n<meta property=\"og:type\" content=\"article\" \/>\n<meta property=\"og:title\" content=\"M\u00e9di\u00e9vales de Provins - Accr\u00e9ditation - Les M\u00e9di\u00e9vales de Provins - Site officiel\" \/>\n<meta property=\"og:url\" content=\"https:\/\/provins-medievales.com\/en\/accreditation\/\" \/>\n<meta property=\"og:site_name\" content=\"Les M\u00e9di\u00e9vales de Provins - Site officiel\" \/>\n<meta property=\"article:modified_time\" content=\"2022-05-25T12:59:15+00:00\" \/>\n<meta property=\"og:image\" content=\"https:\/\/provins-medievales.com\/wp-content\/uploads\/2022\/05\/ciel.jpg\" \/>\n\t<meta property=\"og:image:width\" content=\"1600\" \/>\n\t<meta property=\"og:image:height\" content=\"1067\" \/>\n\t<meta property=\"og:image:type\" content=\"image\/jpeg\" \/>\n<meta name=\"twitter:card\" content=\"summary_large_image\" \/>\n<script type=\"application\/ld+json\" class=\"yoast-schema-graph\">{\"@context\":\"https:\/\/schema.org\",\"@graph\":[{\"@type\":\"WebPage\",\"@id\":\"https:\/\/provins-medievales.com\/en\/accreditation\/\",\"url\":\"https:\/\/provins-medievales.com\/en\/accreditation\/\",\"name\":\"M\u00e9di\u00e9vales de Provins - Accr\u00e9ditation - Les M\u00e9di\u00e9vales de Provins - Site officiel\",\"isPartOf\":{\"@id\":\"https:\/\/provins-medievales.com\/en\/#website\"},\"primaryImageOfPage\":{\"@id\":\"https:\/\/provins-medievales.com\/en\/accreditation\/#primaryimage\"},\"image\":{\"@id\":\"https:\/\/provins-medievales.com\/en\/accreditation\/#primaryimage\"},\"thumbnailUrl\":\"https:\/\/provins-medievales.com\/wp-content\/uploads\/2022\/05\/ciel.jpg\",\"datePublished\":\"2022-05-18T07:42:38+00:00\",\"dateModified\":\"2022-05-25T12:59:15+00:00\",\"breadcrumb\":{\"@id\":\"https:\/\/provins-medievales.com\/en\/accreditation\/#breadcrumb\"},\"inLanguage\":\"en-US\",\"potentialAction\":[{\"@type\":\"ReadAction\",\"target\":[\"https:\/\/provins-medievales.com\/en\/accreditation\/\"]}]},{\"@type\":\"ImageObject\",\"inLanguage\":\"en-US\",\"@id\":\"https:\/\/provins-medievales.com\/en\/accreditation\/#primaryimage\",\"url\":\"https:\/\/provins-medievales.com\/wp-content\/uploads\/2022\/05\/ciel.jpg\",\"contentUrl\":\"https:\/\/provins-medievales.com\/wp-content\/uploads\/2022\/05\/ciel.jpg\",\"width\":1600,\"height\":1067},{\"@type\":\"BreadcrumbList\",\"@id\":\"https:\/\/provins-medievales.com\/en\/accreditation\/#breadcrumb\",\"itemListElement\":[{\"@type\":\"ListItem\",\"position\":1,\"name\":\"Accueil\",\"item\":\"https:\/\/provins-medievales.com\/en\/\"},{\"@type\":\"ListItem\",\"position\":2,\"name\":\"M\u00e9di\u00e9vales de Provins &#8211; Accr\u00e9ditation\"}]},{\"@type\":\"WebSite\",\"@id\":\"https:\/\/provins-medievales.com\/en\/#website\",\"url\":\"https:\/\/provins-medievales.com\/en\/\",\"name\":\"Les M\u00e9di\u00e9vales de Provins - Site officiel\",\"description\":\"Merci \u00e0 toutes et \u00e0 tous pour cette fantastique 36e \u00e9dition ! Sur le th\u00e8me des F\u00eates et R\u00e9jouissances, les festivit\u00e9s ont r\u00e9uni pr\u00e8s de 110 000 visiteurs !\",\"potentialAction\":[{\"@type\":\"SearchAction\",\"target\":{\"@type\":\"EntryPoint\",\"urlTemplate\":\"https:\/\/provins-medievales.com\/en\/?s={search_term_string}\"},\"query-input\":{\"@type\":\"PropertyValueSpecification\",\"valueRequired\":true,\"valueName\":\"search_term_string\"}}],\"inLanguage\":\"en-US\"}]}<\/script>\n<!-- \/ Yoast SEO plugin. -->","yoast_head_json":{"title":"M\u00e9di\u00e9vales de Provins - Accr\u00e9ditation - Les M\u00e9di\u00e9vales de Provins - Site officiel","robots":{"index":"index","follow":"follow","max-snippet":"max-snippet:-1","max-image-preview":"max-image-preview:large","max-video-preview":"max-video-preview:-1"},"canonical":"https:\/\/provins-medievales.com\/en\/accreditation\/","og_locale":"en_US","og_type":"article","og_title":"M\u00e9di\u00e9vales de Provins - Accr\u00e9ditation - Les M\u00e9di\u00e9vales de Provins - Site officiel","og_url":"https:\/\/provins-medievales.com\/en\/accreditation\/","og_site_name":"Les M\u00e9di\u00e9vales de Provins - Site officiel","article_modified_time":"2022-05-25T12:59:15+00:00","og_image":[{"width":1600,"height":1067,"url":"https:\/\/provins-medievales.com\/wp-content\/uploads\/2022\/05\/ciel.jpg","type":"image\/jpeg"}],"twitter_card":"summary_large_image","schema":{"@context":"https:\/\/schema.org","@graph":[{"@type":"WebPage","@id":"https:\/\/provins-medievales.com\/en\/accreditation\/","url":"https:\/\/provins-medievales.com\/en\/accreditation\/","name":"M\u00e9di\u00e9vales de Provins - Accr\u00e9ditation - Les M\u00e9di\u00e9vales de Provins - Site officiel","isPartOf":{"@id":"https:\/\/provins-medievales.com\/en\/#website"},"primaryImageOfPage":{"@id":"https:\/\/provins-medievales.com\/en\/accreditation\/#primaryimage"},"image":{"@id":"https:\/\/provins-medievales.com\/en\/accreditation\/#primaryimage"},"thumbnailUrl":"https:\/\/provins-medievales.com\/wp-content\/uploads\/2022\/05\/ciel.jpg","datePublished":"2022-05-18T07:42:38+00:00","dateModified":"2022-05-25T12:59:15+00:00","breadcrumb":{"@id":"https:\/\/provins-medievales.com\/en\/accreditation\/#breadcrumb"},"inLanguage":"en-US","potentialAction":[{"@type":"ReadAction","target":["https:\/\/provins-medievales.com\/en\/accreditation\/"]}]},{"@type":"ImageObject","inLanguage":"en-US","@id":"https:\/\/provins-medievales.com\/en\/accreditation\/#primaryimage","url":"https:\/\/provins-medievales.com\/wp-content\/uploads\/2022\/05\/ciel.jpg","contentUrl":"https:\/\/provins-medievales.com\/wp-content\/uploads\/2022\/05\/ciel.jpg","width":1600,"height":1067},{"@type":"BreadcrumbList","@id":"https:\/\/provins-medievales.com\/en\/accreditation\/#breadcrumb","itemListElement":[{"@type":"ListItem","position":1,"name":"Accueil","item":"https:\/\/provins-medievales.com\/en\/"},{"@type":"ListItem","position":2,"name":"M\u00e9di\u00e9vales de Provins &#8211; Accr\u00e9ditation"}]},{"@type":"WebSite","@id":"https:\/\/provins-medievales.com\/en\/#website","url":"https:\/\/provins-medievales.com\/en\/","name":"Les M\u00e9di\u00e9vales de Provins - Site officiel","description":"Merci \u00e0 toutes et \u00e0 tous pour cette fantastique 36e \u00e9dition ! Sur le th\u00e8me des F\u00eates et R\u00e9jouissances, les festivit\u00e9s ont r\u00e9uni pr\u00e8s de 110 000 visiteurs !","potentialAction":[{"@type":"SearchAction","target":{"@type":"EntryPoint","urlTemplate":"https:\/\/provins-medievales.com\/en\/?s={search_term_string}"},"query-input":{"@type":"PropertyValueSpecification","valueRequired":true,"valueName":"search_term_string"}}],"inLanguage":"en-US"}]}},"_links":{"self":[{"href":"https:\/\/provins-medievales.com\/en\/wp-json\/wp\/v2\/pages\/3866","targetHints":{"allow":["GET"]}}],"collection":[{"href":"https:\/\/provins-medievales.com\/en\/wp-json\/wp\/v2\/pages"}],"about":[{"href":"https:\/\/provins-medievales.com\/en\/wp-json\/wp\/v2\/types\/page"}],"author":[{"embeddable":true,"href":"https:\/\/provins-medievales.com\/en\/wp-json\/wp\/v2\/users\/1"}],"replies":[{"embeddable":true,"href":"https:\/\/provins-medievales.com\/en\/wp-json\/wp\/v2\/comments?post=3866"}],"version-history":[{"count":3,"href":"https:\/\/provins-medievales.com\/en\/wp-json\/wp\/v2\/pages\/3866\/revisions"}],"predecessor-version":[{"id":3869,"href":"https:\/\/provins-medievales.com\/en\/wp-json\/wp\/v2\/pages\/3866\/revisions\/3869"}],"wp:featuredmedia":[{"embeddable":true,"href":"https:\/\/provins-medievales.com\/en\/wp-json\/wp\/v2\/media\/3792"}],"wp:attachment":[{"href":"https:\/\/provins-medievales.com\/en\/wp-json\/wp\/v2\/media?parent=3866"}],"curies":[{"name":"wp","href":"https:\/\/api.w.org\/{rel}","templated":true}]}}